{"id":24,"date":"2016-04-04T18:15:19","date_gmt":"2016-04-04T17:15:19","guid":{"rendered":"http:\/\/lethonquirit.com\/?page_id=24"},"modified":"2025-10-08T15:18:38","modified_gmt":"2025-10-08T13:18:38","slug":"menus","status":"publish","type":"page","link":"http:\/\/www.lethonquirit.com\/index.php\/menus\/","title":{"rendered":"Menus"},"content":{"rendered":"\n<figure class=\"wp-block-image size-full is-resized\"><img data-attachment-id=\"368\" data-permalink=\"http:\/\/www.lethonquirit.com\/afmr\/\" data-orig-file=\"https:\/\/i1.wp.com\/www.lethonquirit.com\/wp-content\/uploads\/2024\/10\/afmr.png?fit=844%2C240\" data-orig-size=\"844,240\" data-comments-opened=\"1\" data-image-meta=\"{&quot;aperture&quot;:&quot;0&quot;,&quot;credit&quot;:&quot;&quot;,&quot;camera&quot;:&quot;&quot;,&quot;caption&quot;:&quot;&quot;,&quot;created_timestamp&quot;:&quot;0&quot;,&quot;copyright&quot;:&quot;&quot;,&quot;focal_length&quot;:&quot;0&quot;,&quot;iso&quot;:&quot;0&quot;,&quot;shutter_speed&quot;:&quot;0&quot;,&quot;title&quot;:&quot;&quot;,&quot;orientation&quot;:&quot;0&quot;}\" data-image-title=\"afmr\" data-image-description=\"\" data-medium-file=\"https:\/\/i1.wp.com\/www.lethonquirit.com\/wp-content\/uploads\/2024\/10\/afmr.png?fit=300%2C85\" data-large-file=\"https:\/\/i1.wp.com\/www.lethonquirit.com\/wp-content\/uploads\/2024\/10\/afmr.png?fit=844%2C240\" decoding=\"async\" loading=\"lazy\" src=\"https:\/\/i1.wp.com\/www.lethonquirit.com\/wp-content\/uploads\/2024\/10\/afmr.png?resize=327%2C92\" alt=\"\" class=\"wp-image-368\" width=\"327\" height=\"92\" srcset=\"https:\/\/i1.wp.com\/www.lethonquirit.com\/wp-content\/uploads\/2024\/10\/afmr.png?w=844 844w, https:\/\/i1.wp.com\/www.lethonquirit.com\/wp-content\/uploads\/2024\/10\/afmr.png?resize=300%2C85 300w\" sizes=\"(max-width: 327px) 100vw, 327px\" data-recalc-dims=\"1\" \/><\/figure>\n\n\n<p><img data-attachment-id=\"17\" data-permalink=\"http:\/\/www.lethonquirit.com\/index.php\/2022\/04\/27\/bienvenue\/logo_faitmaison_clair_web\/\" data-orig-file=\"https:\/\/i1.wp.com\/www.lethonquirit.com\/wp-content\/uploads\/2016\/04\/LOGO_FAITMAISON_clair_WEB.png?fit=100%2C100\" data-orig-size=\"100,100\" data-comments-opened=\"1\" data-image-meta=\"{&quot;aperture&quot;:&quot;0&quot;,&quot;credit&quot;:&quot;&quot;,&quot;camera&quot;:&quot;&quot;,&quot;caption&quot;:&quot;&quot;,&quot;created_timestamp&quot;:&quot;0&quot;,&quot;copyright&quot;:&quot;&quot;,&quot;focal_length&quot;:&quot;0&quot;,&quot;iso&quot;:&quot;0&quot;,&quot;shutter_speed&quot;:&quot;0&quot;,&quot;title&quot;:&quot;&quot;,&quot;orientation&quot;:&quot;0&quot;}\" data-image-title=\"LOGO_FAITMAISON_clair_WEB\" data-image-description=\"\" data-medium-file=\"https:\/\/i1.wp.com\/www.lethonquirit.com\/wp-content\/uploads\/2016\/04\/LOGO_FAITMAISON_clair_WEB.png?fit=100%2C100\" data-large-file=\"https:\/\/i1.wp.com\/www.lethonquirit.com\/wp-content\/uploads\/2016\/04\/LOGO_FAITMAISON_clair_WEB.png?fit=100%2C100\" decoding=\"async\" loading=\"lazy\" class=\"alignnone size-full wp-image-17 aligncenter\" src=\"https:\/\/i1.wp.com\/www.lethonquirit.com\/wp-content\/uploads\/2016\/04\/LOGO_FAITMAISON_clair_WEB.png?resize=100%2C100\" alt=\"LOGO_FAITMAISON_clair_WEB\" width=\"100\" height=\"100\" data-recalc-dims=\"1\" \/><\/p>\n<hr \/>\n<h2 style=\"text-align: center;\"><span style=\"color: #ffffff;\">Formules<\/span><\/h2>\n<p><strong>Chaque semaine, nous vous proposons de d\u00e9couvrir nos formules du midi*, \u00e9labor\u00e9es \u00e0 partir de produits de saison transform\u00e9s sur place ! Consultez <a href=\"https:\/\/www.facebook.com\/Le-Thon-Qui-Rit-108199488762\/?fref=ts\">notre page Facebook<\/a>\u00a0pour connaitre le menu de la semaine !<\/strong><\/p>\n<p><strong>Plat unique<\/strong> &#8230;&#8230;&#8230;&#8230;&#8230;&#8230;&#8230;&#8230;&#8230;&#8230;&#8230;&#8230;&#8230;&#8230;&#8230;&#8230;&#8230;&#8230;&#8230;&#8230;&#8230;12.00\u20ac<\/p>\n<p><strong>Entr\u00e9e + plat, 1\/4 de vin ou 1\/2 d&rsquo;eau min\u00e9rale<\/strong> &#8230;&#8230;&#8230;&#8230;&#8230;&#8230;&#8230;&#8230;&#8230;.18.000\u20ac<\/p>\n<p>\u00a0<\/p>\n<p><em>*Uniquement le midi sauf dimanche et jours f\u00e9ri\u00e9s<\/em><\/p>\n<p style=\"text-align: center; line-height: 18.0pt;\" align=\"center\">\u00a0<\/p>\n<hr \/>\n<h2 style=\"text-align: center; line-height: 18.0pt;\" align=\"center\"><a href=\"http:\/\/www.lethonquirit.com\/index.php\/nos-plats\/\">Plats<\/a><\/h2>\n<p style=\"text-align: center; line-height: 18.0pt;\" align=\"center\">D\u00e9couvrez nos plats<\/p>\n<hr \/>\n<h2 style=\"text-align: center; line-height: 18.0pt;\" align=\"center\"><a href=\"http:\/\/www.lethonquirit.com\/index.php\/nos-desserts\/\">Desserts<\/a><\/h2>\n<p style=\"text-align: center; line-height: 18.0pt;\" align=\"center\">D\u00e9couvrez nos desserts<\/p>\n<hr \/>\n<h2 style=\"text-align: center; line-height: 18.0pt;\" align=\"center\"><a href=\"http:\/\/www.lethonquirit.com\/index.php\/boissons\/\">Boissons<\/a><\/h2>\n<p style=\"text-align: center; line-height: 18.0pt;\" align=\"center\">Notre carte de boissons<\/p>\n\n\n<figure class=\"wp-block-image size-large\"><img data-attachment-id=\"342\" data-permalink=\"http:\/\/www.lethonquirit.com\/img20230922194503_011\/\" data-orig-file=\"https:\/\/i0.wp.com\/www.lethonquirit.com\/wp-content\/uploads\/2024\/04\/IMG20230922194503_011-scaled.jpg?fit=1920%2C2560\" data-orig-size=\"1920,2560\" data-comments-opened=\"1\" data-image-meta=\"{&quot;aperture&quot;:&quot;1.7&quot;,&quot;credit&quot;:&quot;&quot;,&quot;camera&quot;:&quot;OPPO Reno4 Z 5G&quot;,&quot;caption&quot;:&quot;&quot;,&quot;created_timestamp&quot;:&quot;1695411903&quot;,&quot;copyright&quot;:&quot;&quot;,&quot;focal_length&quot;:&quot;4.71&quot;,&quot;iso&quot;:&quot;449&quot;,&quot;shutter_speed&quot;:&quot;0.020001&quot;,&quot;title&quot;:&quot;&quot;,&quot;orientation&quot;:&quot;1&quot;}\" data-image-title=\"IMG20230922194503_01[1]\" data-image-description=\"\" data-medium-file=\"https:\/\/i0.wp.com\/www.lethonquirit.com\/wp-content\/uploads\/2024\/04\/IMG20230922194503_011-scaled.jpg?fit=225%2C300\" data-large-file=\"https:\/\/i0.wp.com\/www.lethonquirit.com\/wp-content\/uploads\/2024\/04\/IMG20230922194503_011-scaled.jpg?fit=768%2C1024\" decoding=\"async\" loading=\"lazy\" width=\"768\" height=\"1024\" src=\"https:\/\/i0.wp.com\/www.lethonquirit.com\/wp-content\/uploads\/2024\/04\/IMG20230922194503_011.jpg?resize=768%2C1024\" alt=\"\" class=\"wp-image-342\" srcset=\"https:\/\/i0.wp.com\/www.lethonquirit.com\/wp-content\/uploads\/2024\/04\/IMG20230922194503_011-scaled.jpg?resize=768%2C1024 768w, https:\/\/i0.wp.com\/www.lethonquirit.com\/wp-content\/uploads\/2024\/04\/IMG20230922194503_011-scaled.jpg?resize=225%2C300 225w, https:\/\/i0.wp.com\/www.lethonquirit.com\/wp-content\/uploads\/2024\/04\/IMG20230922194503_011-scaled.jpg?resize=1152%2C1536 1152w, https:\/\/i0.wp.com\/www.lethonquirit.com\/wp-content\/uploads\/2024\/04\/IMG20230922194503_011-scaled.jpg?resize=1536%2C2048 1536w, https:\/\/i0.wp.com\/www.lethonquirit.com\/wp-content\/uploads\/2024\/04\/IMG20230922194503_011-scaled.jpg?w=1920 1920w\" sizes=\"(max-width: 768px) 100vw, 768px\" data-recalc-dims=\"1\" \/><\/figure>\n","protected":false},"excerpt":{"rendered":"<p>Formules Chaque semaine, nous vous proposons de d\u00e9couvrir nos formules du midi*, \u00e9labor\u00e9es \u00e0 partir de produits de saison transform\u00e9s sur place ! Consultez notre page Facebook\u00a0pour connaitre le menu de la semaine ! Plat unique &#8230;&#8230;&#8230;&#8230;&#8230;&#8230;&#8230;&#8230;&#8230;&#8230;&#8230;&#8230;&#8230;&#8230;&#8230;&#8230;&#8230;&#8230;&#8230;&#8230;&#8230;12.00\u20ac Entr\u00e9e + plat, 1\/4 de vin ou 1\/2 d&rsquo;eau min\u00e9rale &#8230;&#8230;&#8230;&#8230;&#8230;&#8230;&#8230;&#8230;&#8230;.18.000\u20ac \u00a0 *Uniquement le midi sauf dimanche et<br \/><a class=\"moretag\" href=\"http:\/\/www.lethonquirit.com\/index.php\/menus\/\">+ Read More<\/a><\/p>\n","protected":false},"author":1,"featured_media":235,"parent":0,"menu_order":0,"comment_status":"closed","ping_status":"closed","template":"","meta":{"spay_email":""},"jetpack_shortlink":"https:\/\/wp.me\/P7rQ6q-o","_links":{"self":[{"href":"http:\/\/www.lethonquirit.com\/index.php\/wp-json\/wp\/v2\/pages\/24"}],"collection":[{"href":"http:\/\/www.lethonquirit.com\/index.php\/wp-json\/wp\/v2\/pages"}],"about":[{"href":"http:\/\/www.lethonquirit.com\/index.php\/wp-json\/wp\/v2\/types\/page"}],"author":[{"embeddable":true,"href":"http:\/\/www.lethonquirit.com\/index.php\/wp-json\/wp\/v2\/users\/1"}],"replies":[{"embeddable":true,"href":"http:\/\/www.lethonquirit.com\/index.php\/wp-json\/wp\/v2\/comments?post=24"}],"version-history":[{"count":23,"href":"http:\/\/www.lethonquirit.com\/index.php\/wp-json\/wp\/v2\/pages\/24\/revisions"}],"predecessor-version":[{"id":402,"href":"http:\/\/www.lethonquirit.com\/index.php\/wp-json\/wp\/v2\/pages\/24\/revisions\/402"}],"wp:featuredmedia":[{"embeddable":true,"href":"http:\/\/www.lethonquirit.com\/index.php\/wp-json\/wp\/v2\/media\/235"}],"wp:attachment":[{"href":"http:\/\/www.lethonquirit.com\/index.php\/wp-json\/wp\/v2\/media?parent=24"}],"curies":[{"name":"wp","href":"https:\/\/api.w.org\/{rel}","templated":true}]}}