{"id":26,"date":"2016-04-03T18:01:45","date_gmt":"2016-04-03T17:01:45","guid":{"rendered":"http:\/\/lethonquirit.com\/?page_id=26"},"modified":"2025-07-28T10:03:24","modified_gmt":"2025-07-28T08:03:24","slug":"boissons","status":"publish","type":"page","link":"http:\/\/www.lethonquirit.com\/index.php\/boissons\/","title":{"rendered":"Nos Boissons"},"content":{"rendered":"<h2 style=\"text-align: center;\"><strong>Ap\u00e9ritifs*<\/strong><\/h2>\n<p><strong>Kir au vin blanc<\/strong> (12cl)\u00a0 \u00a0 \u00a0 \u00a0 \u00a0 \u00a0 \u00a0 \u00a0 \u00a0 \u00a0 \u00a03,50\u20ac<br \/>\n<strong>Kir p\u00e9tillant<\/strong> (12cl) \u00a0 \u00a0 \u00a0 \u00a0 \u00a0 \u00a0 \u00a0 \u00a0 \u00a0 \u00a0 \u00a0 \u00a0 \u00a0 \u00a0 3,90\u20ac<br \/>\n<strong>Kir royal<\/strong> (12cl)\u00a0 \u00a0 \u00a0 \u00a0 \u00a0 \u00a0 \u00a0 \u00a0 \u00a0 \u00a0 \u00a0 \u00a0 \u00a0 \u00a0 \u00a0 \u00a0 \u00a0 \u00a0 7.60\u20ac<br \/>\n<strong>Coupe de champagne<\/strong> (12cl)\u00a0 \u00a0 \u00a0 \u00a0 \u00a0 \u00a07.30\u20ac<br \/>\n<strong>Martini Bianco ou Rosso<\/strong> (6cl) \u00a0 \u00a0 \u00a03,90\u20ac<br \/>\n<strong>Ricard, pastis<\/strong> (4cl) \u00a0 \u00a0 \u00a0 \u00a0 \u00a0 \u00a0 \u00a0 \u00a0 \u00a0 \u00a0 \u00a0 \u00a0 \u00a0 \u00a0 3,90\u20ac<br \/>\n<strong>Porto rouge ou blanc<\/strong> (6cl) \u00a0 \u00a0 \u00a0 \u00a0 \u00a0 \u00a0 3,90\u20ac<br \/>\n<strong>Suze<\/strong> (6cl) \u00a0 \u00a0 \u00a0 \u00a0 \u00a0 \u00a0 \u00a0 \u00a0 3,90\u20ac<br \/>\n<strong>Campari<\/strong> (6cl)\u00a0 \u00a0 \u00a0 \u00a0 \u00a04,30\u20ac<br \/>\n<strong>Muscat<\/strong> (6cl) \u00a0 \u00a0 \u00a0 \u00a0 \u00a0 \u00a03,90\u20ac<br \/>\n<strong>Marsala aux amandes<\/strong> (6cl) \u00a0 \u00a0 \u00a0 \u00a0 \u00a0 3,90\u20ac<br \/>\n<strong>Cocktail maison<\/strong> (12cl)\u00a0 \u00a0 \u00a0 \u00a0 \u00a0 \u00a0 \u00a0 \u00a0 \u00a0 \u00a0 \u00a07,70\u20ac<br \/>\n<strong>Cocktail sans alcool<\/strong> (12cl)\u00a0 \u00a0 \u00a0 \u00a0 \u00a0 \u00a0 \u00a07,00\u20ac<br \/>\n<strong>Am\u00e9ricano maison<\/strong> (12cl)\u00a0 \u00a0 \u00a0 \u00a0 \u00a0 \u00a0 \u00a0 8,70\u20ac<\/p>\n<p><strong>Spritz\u00a0<\/strong>(15cl)\u00a0 \u00a0 \u00a0 \u00a0 \u00a0 \u00a0 \u00a0 \u00a0 \u00a0 \u00a0 \u00a0 \u00a0 \u00a0 \u00a0 \u00a0 8,70\u20ac<\/p>\n<hr \/>\n<h2 style=\"text-align: center;\"><strong>Whiskies (4cl)*<\/strong><\/h2>\n<p><strong>Aberlour<\/strong>\u00a0 \u00a0 \u00a0 \u00a0 \u00a0 \u00a0 \u00a0 7,20\u20ac<br \/>\n<strong>Chivas<\/strong>\u00a0 \u00a0 \u00a0 \u00a0 \u00a0 \u00a0 \u00a0 \u00a0 \u00a0 \u00a06,90\u20ac<br \/>\n<strong>Glenfiddich<\/strong>\u00a0 \u00a0 \u00a0 \u00a0 7,20\u20ac<br \/>\n<strong>Eddu<\/strong>\u00a0 \u00a0 \u00a0 \u00a0 \u00a0 \u00a0 \u00a0 \u00a0 \u00a0 \u00a0 \u00a0 6,20\u20ac<br \/>\n<strong>Jack Daniel&rsquo;s<\/strong>\u00a0 \u00a0 \u00a06,20\u20ac<br \/>\n<strong>Jameson<\/strong>\u00a0 \u00a0 \u00a0 \u00a0 \u00a0 \u00a0 \u00a0 5,70\u20ac<\/p>\n<hr \/>\n<h2 style=\"text-align: center;\"><strong>Brasserie*<\/strong><\/h2>\n<h4 align=\"LEFT\">Bi\u00e8re sans alcool (25cl)<strong> \u2026&#8230;&#8230;&#8230;&#8230;&#8230;&#8230;&#8230;..3,00\u20ac<\/strong><\/h4>\n<h4 align=\"LEFT\">Pression Bavette 4,3\u00b0 (25 cl)<strong>&#8230;&#8230;&#8230;&#8230;&#8230;&#8230;&#8230;&#8230;&#8230;3.50\u20ac <\/strong><\/h4>\n<h4 align=\"LEFT\">Pression Bavette 4,3\u00b0 (50cl)<strong>&#8230;&#8230;&#8230;&#8230;&#8230;&#8230;&#8230;&#8230;&#8230;..6.80\u20ac<\/strong><br \/>\nPression Captain Baril 6,5\u00b0 (25cl)<strong>\u2026..3,80\u20ac<\/strong><br \/>\nPression Captain baril 6,5\u00b0 (50cl) <strong>\u2026&#8230;&#8230;7.20\u20ac<\/strong><br \/>\nMallozh Ruz (33cl)<strong>&#8230;&#8230;&#8230;&#8230;&#8230;&#8230;&#8230;&#8230;&#8230;&#8230;4,50\u20ac<\/strong><br \/>\nTri martolod blanche (33cl) <strong>\u2026&#8230;&#8230;&#8230;&#8230;&#8230;..4,50\u20ac<\/strong><br \/>\nMamm Douar bio (33cl)<strong> \u2026&#8230;&#8230;&#8230;&#8230;&#8230;.4,50\u20ac<\/strong><\/h4>\n<hr \/>\n<h2 style=\"text-align: center;\"><strong>Softs<\/strong><\/h2>\n<p><strong>Jus de fruits<\/strong> (divers) (25cl)\u00a0 \u00a0 \u00a0 \u00a0 \u00a03,50\u20ac<br \/>\n<strong>Breizh cola<\/strong> (33cl)\u00a0 \u00a0 \u00a0 \u00a0 \u00a0 \u00a0 \u00a0 \u00a0 \u00a0 \u00a0 \u00a0 \u00a0 \u00a0 \u00a03,90\u20ac<br \/>\n<strong>Breizh cola light<\/strong> (33cl)\u00a0 \u00a0 \u00a0 \u00a0 \u00a0 \u00a0 \u00a0 \u00a0 3,90\u20ac<br \/>\n<strong>Breizh ice tea<\/strong> (33cl)\u00a0 \u00a0 \u00a0 \u00a0 \u00a0 \u00a0 \u00a0 \u00a0 \u00a0 \u00a0 \u00a0 3,90\u20ac<br \/>\n<strong>Breizh agrumes<\/strong> (33cl)\u00a0 \u00a0 \u00a0 \u00a0 \u00a0 \u00a0 \u00a0 \u00a0 \u00a03,90\u20ac<br \/>\n<strong>Orangina<\/strong> (25cl)\u00a0 \u00a0 \u00a0 \u00a0 \u00a0 \u00a0 \u00a0 \u00a0 \u00a0 \u00a0 \u00a0 \u00a0 \u00a0 \u00a0 \u00a0 \u00a03,90\u20ac<br \/>\n<strong>Schweppes Tonic<\/strong> (25cl)\u00a0 \u00a0 \u00a0 \u00a0 \u00a0 \u00a0 \u00a0 3,90\u20ac<\/p>\n<hr \/>\n<h2 style=\"text-align: center;\"><strong>Eaux min\u00e9rales<\/strong><\/h2>\n<p><strong>Planco\u00ebt<\/strong> \u00a0 \u00a0 \u00a0 \u00a0 \u00a03,20\u20ac <em>(1\/2L)<\/em> \/ 4,50\u20ac <em>(1L)<\/em><br \/>\n<strong>Planco\u00ebt fines bulles<\/strong> \u00a0 \u00a0 \u00a0 \u00a0 \u00a03,20\u20ac <em>(1\/2L)<\/em> \/ 4,50\u20ac <em>(1L)<\/em><br \/>\n<strong>San Pellegrino<\/strong> \u00a0 \u00a0 \u00a0 \u00a0 \u00a03,20\u20ac <em>(1\/2L)<\/em> \/ 4,50\u20ac <em>(1L)<\/em><\/p>\n<hr \/>\n<h2 style=\"text-align: center;\"><strong>VINS BLANCS<\/strong><strong>*<\/strong><\/h2>\n<p style=\"text-align: right;\">75cl\u00a0 \u00a0 \u00a0 37,5cl\u00a0 \u00a0 verre 12cl<\/p>\n<p>Languedoc.C<em>hardonnay\u00a0\u00bbBouchard Ain\u00e9\u00a0\u00bb\u00a0 \u00a0 \u00a0 \u00a0 \u00a0 \u00a0 \u00a0 \u00a0 \u00a0 \u00a0 \u00a0 \u00a0 \u00a0 21<\/em>,50\u00a0 \u00a0 \u00a0 \u00a0 \u00a0 \u00a0 \u00a0 \u00a0 \u00a0 3,90<\/p>\n<p>Entre deux mers <em>\u00ab\u00a0Ch\u00e2teau Landereau\u00a0\u00bb\u00a0 \u00a0 \u00a0 \u00a0 \u00a0 \u00a0 \u00a0 \u00a0 \u00a0 \u00a0 \u00a0 \u00a0 \u00a0 \u00a0 \u00a025<\/em>,00\u00a0 \u00a0 12,50\u00a0 \u00a0 \u00a0 \u00a0 \u00a04,20<\/p>\n<p>Loire.<em>Valencay \u00ab\u00a0domaine Les Terrajots\u00a0\u00bb\u00a0 \u00a0 \u00a0 \u00a0 \u00a0 \u00a0 \u00a0 \u00a0 \u00a0 \u00a0 \u00a0 \u00a0 \u00a0 \u00a0 \u00a0<\/em>26,00\u00a0 \u00a0 \u00a0 \u00a0 \u00a0 \u00a0 \u00a0 \u00a0 \u00a0 \u00a0 \u00a04,20<\/p>\n<p>C\u00f4tes de Gascogne \u00ab\u00a0Haut Marin\u00a0\u00bb\u00a0 \u00a0 \u00a0 \u00a0 \u00a0 \u00a0 \u00a0 \u00a0 \u00a0 \u00a0 \u00a0 \u00a0 \u00a0 \u00a0 \u00a0 \u00a0 \u00a0 \u00a0 \u00a026,00\u00a0 \u00a0 \u00a0 \u00a0 \u00a0 \u00a0 \u00a0 \u00a0 \u00a0 \u00a0 4,50<\/p>\n<h2 style=\"text-align: center;\"><strong>VINS ROSES<\/strong><strong>*<\/strong><\/h2>\n<p style=\"text-align: right;\">\u00a0 \u00a075cl\u00a0 \u00a0 \u00a0 \u00a0 \u00a0 \u00a0 \u00a0 37,5cl\u00a0 \u00a0 verre 12cl<\/p>\n<p>Corse.<em>\u00ab\u00a0domaine casa rossa\u00a0\u00bb\u00a0 \u00a0 \u00a0 \u00a0 \u00a0 \u00a0 \u00a0 \u00a0 \u00a0 \u00a0 \u00a0 \u00a0 \u00a0 \u00a0 \u00a0 \u00a0 \u00a0 \u00a0 \u00a0 \u00a0 \u00a0 \u00a0 \u00a0<\/em>16,00\u00a0 \u00a0 \u00a0 \u00a0 \u00a0 \u00a0 \u00a0 \u00a0 \u00a0 \u00a0 \u00a03,00<\/p>\n<p>Loire. \u00ab\u00a0<em>domaine Bardon\u00a0\u00bb\u00a0 \u00a0 \u00a0 \u00a0 \u00a0 \u00a0 \u00a0 \u00a0 \u00a0 \u00a0 \u00a0 \u00a0 \u00a0 \u00a0 \u00a0 \u00a0 \u00a0 \u00a0 \u00a0 \u00a0 \u00a0 \u00a0 \u00a0 \u00a0 \u00a0 <\/em>17,00\u00a0 \u00a0 \u00a0 9,90<\/p>\n<p>Coteaux d&rsquo;Aix .<em>\u00ab\u00a0Villa d&rsquo;Aix\u00a0\u00bb<\/em>\u00a0 \u00a0 \u00a0 \u00a0 \u00a0 \u00a0 \u00a0 \u00a0 \u00a0 \u00a0 \u00a0 \u00a0 \u00a0 \u00a0 \u00a0 \u00a0 \u00a0 \u00a0 \u00a0 \u00a0 \u00a0 \u00a0 \u00a0 \u00a0 \u00a0 \u00a0 \u00a0 \u00a0 \u00a0 \u00a0 \u00a0 \u00a018,50\u00a0 \u00a0 \u00a0 \u00a0 \u00a0 \u00a0 \u00a0 \u00a0 \u00a0 \u00a0 \u00a0 \u00a0 \u00a0 3,80<\/p>\n<p>Bardolino. <em>\u00ab\u00a0Chiaretto i fiori\u00a0\u00bb\u00a0<\/em>\u00a0 \u00a0 \u00a0 \u00a0 \u00a0 \u00a0 \u00a0 \u00a0 \u00a0 \u00a0 \u00a0 \u00a0 \u00a0 \u00a0 \u00a0 \u00a0 \u00a0 \u00a0 \u00a0 \u00a0 \u00a0 \u00a0 \u00a0 \u00a0 \u00a0 \u00a0 \u00a0 \u00a0 \u00a0 \u00a0 16,50\u00a0 \u00a0 \u00a0 9,90<\/p>\n<p>Pinot grigio.\u00a0\u00bb<em>blush vaja\u00a0\u00bb\u00a0 \u00a0 \u00a0 \u00a0 \u00a0 \u00a0 \u00a0 \u00a0 \u00a0 \u00a0 \u00a0 \u00a0 \u00a0 \u00a0 \u00a0 \u00a0 \u00a0 \u00a0 \u00a0 \u00a0 \u00a0 \u00a0 \u00a0 \u00a0 \u00a0 \u00a0 <\/em>17,00<\/p>\n<p>Cerasulo<em>\u00ab\u00a0Valle d&rsquo;Oro\u00a0\u00bb\u00a0 \u00a0 \u00a0 \u00a0 \u00a0 \u00a0 \u00a0 \u00a0 \u00a0 \u00a0 \u00a0 \u00a0 \u00a0 \u00a0 \u00a0 \u00a0 \u00a0 \u00a0 \u00a0 \u00a0 \u00a0 \u00a0 \u00a0 \u00a0 \u00a0 \u00a0 \u00a0 \u00a0 <\/em>18,80<\/p>\n<h2 style=\"text-align: center;\"><strong>VINS ROUGES<\/strong><strong>*<\/strong><\/h2>\n<p style=\"text-align: right;\">75cl\u00a0 \u00a0 \u00a0 37,5cl\u00a0 \u00a0 verre 12cl<\/p>\n<p>Loire.<em>pinot noir\u00a0\u00bbla petite Perri\u00e8re\u00a0\u00bb\u00a0 \u00a0 \u00a0 \u00a0 \u00a0 \u00a0 \u00a0 \u00a0 \u00a0 \u00a0 \u00a0 \u00a0 \u00a0 \u00a0 \u00a0 \u00a0 \u00a0 \u00a0 \u00a0<\/em>18,50\u00a0 \u00a0 \u00a0 \u00a0 \u00a0 \u00a0 \u00a0 \u00a0 3,50<\/p>\n<p>Loire.<em>Saint nicolas de Bourgueil\u00a0\u00bb20 lieux dits\u00a0\u00bb\u00a0 \u00a0 \u00a0 \u00a0 \u00a0 \u00a0 \u00a0<\/em> \u00a0 \u00a0 \u00a019,50\u00a0 \u00a011,60<\/p>\n<p>Loire.<em>Saumur champigny\u00a0\u00bbla Bonneli\u00e8re\u00a0\u00bb\u00a0 \u00a0 \u00a0 \u00a0 \u00a0 \u00a0 \u00a0 \u00a0 \u00a0 \u00a0 \u00a0 \u00a0 \u00a0 \u00a0<\/em>19,00\u00a0 \u00a0 11,50<\/p>\n<p>Languedoc.<em>\u00ab\u00a0Les darons by JEFF CARREL\u00a0\u00bb\u00a0 \u00a0 \u00a0 \u00a0 \u00a0 \u00a0 \u00a0 \u00a0 \u00a0 \u00a0 <\/em>19,50<\/p>\n<p>Bordeaux.<em>Medoc\u00a0\u00bbjardin de fleur de la mothe\u00a0\u00bb\u00a0 \u00a0 \u00a0 \u00a0 \u00a0 \u00a0 \u00a0 \u00a0 \u00a0 \u00a0 \u00a0 <\/em>24,00<\/p>\n<p>Bordeaux.<em>C\u00f4tes de blaye\u00a0\u00bbChant du coq\u00a0\u00bb\u00a0 \u00a0 \u00a0 \u00a0 \u00a0 \u00a0 \u00a0 \u00a0 \u00a0 \u00a0 \u00a0 \u00a0 \u00a0 \u00a0 \u00a0<\/em>18,00\u00a0 \u00a0 \u00a010,20\u00a0 \u00a0 3,00<\/p>\n<p>Bordeaux. <em>C\u00f4tes de bourg<\/em>\u00a0 \u00a0 \u00a0 \u00a0 \u00a0 \u00a0 \u00a0 \u00a0 \u00a0 \u00a0 \u00a0 \u00a0 \u00a0 \u00a0 \u00a0 \u00a0 \u00a0 \u00a0 \u00a0 \u00a0 \u00a0 \u00a0 \u00a0 \u00a0 \u00a0 \u00a0 \u00a0 \u00a0 \u00a0 \u00a0 \u00a0 \u00a0 \u00a0 \u00a0 \u00a0 21,50<\/p>\n<p>Rh\u00f4ne.<em>c\u00f4tes du rh\u00f4ne\u00a0\u00bbRoc \u00e9pine\u00a0\u00bbBIO\u00a0 \u00a0 \u00a0 \u00a0 \u00a0 \u00a0 \u00a0 \u00a0 \u00a0 \u00a0 \u00a0 \u00a0 \u00a0 \u00a0 \u00a0<\/em>18,50\u00a0 \u00a0 \u00a011,50<\/p>\n<p>Herault.<em>Le loup dans la bergerie\u00a0 \u00a0 \u00a0 \u00a0 \u00a0 \u00a0 \u00a0 \u00a0 \u00a0 \u00a0 \u00a0 \u00a0 \u00a0 \u00a0 \u00a0 \u00a0 \u00a0 \u00a0 \u00a0 \u00a0 <\/em>19,50<\/p>\n<p>Montepulciano d&rsquo;abruzzo.\u00a0\u00bbValle d&rsquo;oro\u00a0\u00bb\u00a0 \u00a0 \u00a0 \u00a0 \u00a0 \u00a0 \u00a0 \u00a0 \u00a0 \u00a0 \u00a0 \u00a0 \u00a0 \u00a0 \u00a0 \u00a0 \u00a0 \u00a0 \u00a0 \u00a0 \u00a018,20<\/p>\n<p>Chianti.\u00a0\u00bb<em>Melini<\/em>\u00a0\u00bb\u00a0 \u00a0 \u00a0 \u00a0 \u00a0 \u00a0 \u00a0 \u00a0 \u00a0 \u00a0 \u00a0 \u00a0 \u00a0 \u00a0 \u00a0 \u00a0 \u00a0 \u00a0 \u00a0 \u00a0 \u00a0 \u00a0 \u00a0 \u00a0 \u00a0 \u00a0 \u00a0 \u00a0 \u00a0 \u00a0 \u00a0 \u00a0 \u00a0 \u00a0 \u00a0 \u00a0 \u00a0 \u00a0 \u00a0 \u00a017,80\u00a0 \u00a09,90<\/p>\n<p>Sangiovese di Romagna\u00a0 \u00a0 \u00a0 \u00a0 \u00a0 \u00a0 \u00a0 \u00a0 \u00a0 \u00a0 \u00a0 \u00a0 \u00a0 \u00a0 \u00a0 \u00a0 \u00a0 \u00a0 \u00a0 \u00a0 \u00a0 \u00a0 \u00a0 \u00a0 \u00a0 \u00a0 \u00a0 \u00a0 \u00a0 \u00a0 \u00a0 \u00a0 \u00a0 \u00a0 \u00a017,50<\/p>\n<p><strong>PICHETS\u00a0 \u00a0 \u00a0 \u00a0 \u00a0 \u00a0 \u00a0 \u00a0 \u00a0 \u00a0 \u00a0 \u00a0 \u00a0 \u00a0 \u00a0 \u00a0 \u00a0 \u00a0 \u00a01\/2\u00a0 \u00a0 \u00a0 \u00a0 \u00a0 \u00a01\/4<\/strong><\/p>\n<p>Rouge, blanc ou ros\u00e9\u00a0 \u00a0 \u00a0 \u00a0 \u00a0 \u00a0 \u00a0 \u00a0 \u00a0 \u00a0 \u00a0 \u00a06,90\u00a0 \u00a0 \u00a03,50<\/p>\n<p><em>*L&rsquo;abus d&rsquo;alcool est dangereux pour la sant\u00e9, \u00e0 consommer avec mod\u00e9ration<\/em><\/p>\n","protected":false},"excerpt":{"rendered":"<p>Ap\u00e9ritifs* Kir au vin blanc (12cl)\u00a0 \u00a0 \u00a0 \u00a0 \u00a0 \u00a0 \u00a0 \u00a0 \u00a0 \u00a0 \u00a03,50\u20ac Kir p\u00e9tillant (12cl) \u00a0 \u00a0 \u00a0 \u00a0 \u00a0 \u00a0 \u00a0 \u00a0 \u00a0 \u00a0 \u00a0 \u00a0 \u00a0 \u00a0 3,90\u20ac Kir royal (12cl)\u00a0 \u00a0 \u00a0 \u00a0 \u00a0 \u00a0 \u00a0 \u00a0 \u00a0 \u00a0 \u00a0 \u00a0 \u00a0 \u00a0 \u00a0 \u00a0 \u00a0 \u00a0 7.60\u20ac<br \/><a class=\"moretag\" href=\"http:\/\/www.lethonquirit.com\/index.php\/boissons\/\">+ Read More<\/a><\/p>\n","protected":false},"author":1,"featured_media":0,"parent":0,"menu_order":0,"comment_status":"closed","ping_status":"closed","template":"","meta":{"spay_email":""},"jetpack_shortlink":"https:\/\/wp.me\/P7rQ6q-q","_links":{"self":[{"href":"http:\/\/www.lethonquirit.com\/index.php\/wp-json\/wp\/v2\/pages\/26"}],"collection":[{"href":"http:\/\/www.lethonquirit.com\/index.php\/wp-json\/wp\/v2\/pages"}],"about":[{"href":"http:\/\/www.lethonquirit.com\/index.php\/wp-json\/wp\/v2\/types\/page"}],"author":[{"embeddable":true,"href":"http:\/\/www.lethonquirit.com\/index.php\/wp-json\/wp\/v2\/users\/1"}],"replies":[{"embeddable":true,"href":"http:\/\/www.lethonquirit.com\/index.php\/wp-json\/wp\/v2\/comments?post=26"}],"version-history":[{"count":32,"href":"http:\/\/www.lethonquirit.com\/index.php\/wp-json\/wp\/v2\/pages\/26\/revisions"}],"predecessor-version":[{"id":395,"href":"http:\/\/www.lethonquirit.com\/index.php\/wp-json\/wp\/v2\/pages\/26\/revisions\/395"}],"wp:attachment":[{"href":"http:\/\/www.lethonquirit.com\/index.php\/wp-json\/wp\/v2\/media?parent=26"}],"curies":[{"name":"wp","href":"https:\/\/api.w.org\/{rel}","templated":true}]}}