{"id":60,"date":"2016-04-04T18:39:25","date_gmt":"2016-04-04T17:39:25","guid":{"rendered":"http:\/\/lethonquirit.com\/?page_id=60"},"modified":"2024-06-18T18:31:49","modified_gmt":"2024-06-18T16:31:49","slug":"nos-desserts","status":"publish","type":"page","link":"http:\/\/www.lethonquirit.com\/index.php\/nos-desserts\/","title":{"rendered":"Nos Desserts"},"content":{"rendered":"<h2 style=\"text-align: center;\"><img data-attachment-id=\"17\" data-permalink=\"http:\/\/www.lethonquirit.com\/index.php\/2022\/04\/27\/bienvenue\/logo_faitmaison_clair_web\/\" data-orig-file=\"https:\/\/i1.wp.com\/www.lethonquirit.com\/wp-content\/uploads\/2016\/04\/LOGO_FAITMAISON_clair_WEB.png?fit=100%2C100\" data-orig-size=\"100,100\" data-comments-opened=\"1\" data-image-meta=\"{&quot;aperture&quot;:&quot;0&quot;,&quot;credit&quot;:&quot;&quot;,&quot;camera&quot;:&quot;&quot;,&quot;caption&quot;:&quot;&quot;,&quot;created_timestamp&quot;:&quot;0&quot;,&quot;copyright&quot;:&quot;&quot;,&quot;focal_length&quot;:&quot;0&quot;,&quot;iso&quot;:&quot;0&quot;,&quot;shutter_speed&quot;:&quot;0&quot;,&quot;title&quot;:&quot;&quot;,&quot;orientation&quot;:&quot;0&quot;}\" data-image-title=\"LOGO_FAITMAISON_clair_WEB\" data-image-description=\"\" data-medium-file=\"https:\/\/i1.wp.com\/www.lethonquirit.com\/wp-content\/uploads\/2016\/04\/LOGO_FAITMAISON_clair_WEB.png?fit=100%2C100\" data-large-file=\"https:\/\/i1.wp.com\/www.lethonquirit.com\/wp-content\/uploads\/2016\/04\/LOGO_FAITMAISON_clair_WEB.png?fit=100%2C100\" decoding=\"async\" loading=\"lazy\" class=\"alignnone size-full wp-image-17\" src=\"https:\/\/i1.wp.com\/www.lethonquirit.com\/wp-content\/uploads\/2016\/04\/LOGO_FAITMAISON_clair_WEB.png?resize=100%2C100\" alt=\"LOGO_FAITMAISON_clair_WEB\" width=\"100\" height=\"100\" data-recalc-dims=\"1\" \/><\/h2>\n<hr \/>\n<h2 style=\"text-align: center;\"><strong>Coupes Glac\u00e9es<\/strong><\/h2>\n<p><strong>Dame blanche<\/strong> <strong> \u00a0 \u00a0 \u00a0 \u00a0 \u00a0 \u00a0 \u00a0 \u00a0 \u00a0 \u00a0 \u00a0 \u00a0 \u00a0\u00a0<\/strong>6,50\u20ac<br \/>\nGlace vanille, sauce chocolat, chantilly<\/p>\n<p><strong>Caf\u00e9 li\u00e9geois\u00a0<\/strong> \u00a0 \u00a0 \u00a0 \u00a0 \u00a0 \u00a0 \u00a0 \u00a0 \u00a0 \u00a0 \u00a0 \u00a0 \u00a0 \u00a0 \u00a0 \u00a06,50\u20ac\u00a0 \u00a0 \u00a0 \u00a0 \u00a0 \u00a0 \u00a0 \u00a0 \u00a0 \u00a0 \u00a0 \u00a0 \u00a0 \u00a0 \u00a0 \u00a0 \u00a0 \u00a0 \u00a0 \u00a0 \u00a0 \u00a0 \u00a0 \u00a0 \u00a0 \u00a0 \u00a0 \u00a0 \u00a0 \u00a0 \u00a0 \u00a0 \u00a0 \u00a0 \u00a0 \u00a0 \u00a0 \u00a0 \u00a0 \u00a0 \u00a0 \u00a0 \u00a0 \u00a0 \u00a0 \u00a0 Glace caf\u00e9, caf\u00e9 expresso, chantilly<\/p>\n<p><strong>Chocolat li\u00e9geois\u00a0<\/strong> \u00a0 \u00a0 \u00a0 \u00a0 \u00a0 \u00a0 \u00a0 \u00a0 \u00a0 \u00a0 \u00a0 6,50\u20ac\u00a0 \u00a0 \u00a0 \u00a0 \u00a0 \u00a0 \u00a0 \u00a0 \u00a0 \u00a0 \u00a0 \u00a0 \u00a0 \u00a0 \u00a0 \u00a0 \u00a0 \u00a0 \u00a0 \u00a0 \u00a0 \u00a0 \u00a0 \u00a0 \u00a0 \u00a0 \u00a0 \u00a0 \u00a0 \u00a0 \u00a0 \u00a0 \u00a0 \u00a0 \u00a0 \u00a0 \u00a0 \u00a0 \u00a0 \u00a0 \u00a0 \u00a0 \u00a0 \u00a0 \u00a0 \u00a0 \u00a0 \u00a0Glace chocolat, sauce chocolat, chantilly<\/p>\n<p><strong>P\u00eache melba\u00a0 \u00a0 \u00a0 \u00a0 \u00a0 \u00a0 \u00a0 \u00a0 \u00a0 \u00a0 \u00a0 \u00a0 \u00a0 \u00a0 \u00a0\u00a0<\/strong>6,20\u20ac<br \/>\nGlace vanille, p\u00eaches, coulis de fruits rouges, chantilly<\/p>\n<p><strong>Fraise melba<\/strong>\u00a0<strong>\u00a0 \u00a0 \u00a0 \u00a0 \u00a0 \u00a0 \u00a0 \u00a0 \u00a0 \u00a0 \u00a0 \u00a0 \u00a0 \u00a0\u00a0<\/strong>6,50\u20ac<br \/>\nGlace vanille, fraises, coulis de fruits rouges, chantilly<\/p>\n<p><strong>Poire belle H\u00e9l\u00e8ne<\/strong>\u00a0<strong>\u00a0 \u00a0 \u00a0 \u00a0 \u00a0 \u00a0 \u00a0 \u00a0 \u00a0<\/strong>6,70\u20ac<br \/>\nGlace vanille, poires, sauce chocolat, chantilly<\/p>\n<p><strong>Banana split\u00a0<\/strong> \u00a0 \u00a0 \u00a0 \u00a0 \u00a0 \u00a0 \u00a0 \u00a0 \u00a0 \u00a0 \u00a0 \u00a0 \u00a0 \u00a06,90\u20ac\u00a0 \u00a0 \u00a0 \u00a0 \u00a0 \u00a0 \u00a0 \u00a0 \u00a0 \u00a0 \u00a0 \u00a0 \u00a0 \u00a0 \u00a0 \u00a0 \u00a0 \u00a0 \u00a0 \u00a0 \u00a0 \u00a0 \u00a0 \u00a0 \u00a0 \u00a0 \u00a0 \u00a0 \u00a0 \u00a0 \u00a0 \u00a0 \u00a0 \u00a0 \u00a0 \u00a0 \u00a0 \u00a0 \u00a0 \u00a0 \u00a0 \u00a0 \u00a0 \u00a0 \u00a0 \u00a0 \u00a0 \u00a0Glace vanille, glace chocolat, glace fraise, banane, sauce chocolat, chantilly<\/p>\n<p><strong>After 8<\/strong>\u00a0<strong>\u00a0 \u00a0 \u00a0 \u00a0 \u00a0 \u00a0 \u00a0 \u00a0 \u00a0 \u00a0 \u00a0 \u00a0 \u00a0 \u00a0 \u00a0 \u00a0 \u00a0 \u00a0 \u00a0 \u00a0<\/strong>6,90\u20ac<br \/>\nGlace menthe chocolat, Get 27, Bailey&rsquo;s, chantilly<\/p>\n<p><strong>Breizh coupe \u00a0 \u00a0<\/strong> \u00a0 \u00a0 \u00a0 \u00a0 \u00a0 \u00a0 \u00a0 \u00a0 \u00a0 \u00a0 \u00a0 \u00a06,90\u20ac \u00a0 \u00a0 \u00a0 \u00a0 \u00a0 \u00a0 \u00a0 \u00a0 \u00a0 \u00a0 \u00a0 \u00a0 \u00a0 \u00a0 \u00a0 \u00a0 \u00a0 \u00a0 \u00a0 \u00a0 \u00a0 \u00a0 \u00a0 \u00a0 \u00a0 \u00a0 \u00a0 \u00a0 \u00a0 \u00a0 \u00a0 \u00a0 \u00a0 \u00a0 \u00a0 \u00a0 \u00a0 \u00a0 \u00a0 \u00a0 \u00a0 \u00a0 \u00a0 \u00a0 \u00a0 \u00a0 \u00a0 \u00a0 \u00a0 \u00a0 \u00a0 \u00a0Glace caramel au beurre sal\u00e9, sauce caramel maison, chantilly<\/p>\n<p><strong>Coupe tropicale<\/strong> \u00a0 \u00a0 \u00a0 \u00a0 \u00a0 \u00a0 \u00a0 \u00a0 \u00a0 \u00a0 \u00a0 \u00a06,50\u20ac \u00a0 \u00a0 \u00a0 \u00a0 \u00a0 \u00a0 \u00a0 \u00a0 \u00a0 \u00a0 \u00a0 \u00a0 \u00a0 \u00a0 \u00a0 \u00a0 \u00a0 \u00a0 \u00a0 \u00a0 \u00a0 \u00a0 \u00a0 \u00a0 \u00a0 \u00a0 \u00a0 \u00a0 \u00a0 \u00a0 \u00a0 \u00a0 \u00a0 \u00a0 \u00a0 \u00a0 \u00a0 \u00a0 \u00a0 \u00a0 \u00a0 \u00a0 \u00a0 \u00a0 \u00a0 \u00a0 \u00a0 \u00a0 \u00a0 \u00a0Glace chocolat, glace banane, glace noix de coco, sauce chocolat maison, chantilly<\/p>\n<p><strong>Coupe m\u00e9diterran\u00e9enne\u00a0<\/strong> \u00a0 \u00a0 \u00a0 \u00a06,50\u20ac\u00a0 \u00a0 \u00a0 \u00a0 \u00a0 \u00a0 \u00a0 \u00a0 \u00a0 \u00a0 \u00a0 \u00a0 \u00a0 \u00a0 \u00a0 \u00a0 \u00a0 \u00a0 \u00a0 \u00a0 \u00a0 \u00a0 \u00a0 \u00a0 \u00a0 \u00a0 \u00a0 \u00a0 \u00a0 \u00a0 \u00a0 \u00a0 \u00a0 \u00a0 \u00a0 \u00a0 \u00a0 \u00a0 \u00a0 \u00a0 \u00a0 \u00a0 \u00a0 \u00a0 \u00a0 \u00a0Sorbet cassis, sorbet fruit de la passion, sorbet framboise, coulis de fruits rouges, chantilly<\/p>\n<p><strong>Coupe Brooklyn\u00a0<\/strong> \u00a0 \u00a0 \u00a0 \u00a0 \u00a07,90\u20ac\u00a0 \u00a0 \u00a0 \u00a0 \u00a0 \u00a0 \u00a0 \u00a0 \u00a0 \u00a0 \u00a0 \u00a0 \u00a0 \u00a0 \u00a0 \u00a0 \u00a0 \u00a0 \u00a0 \u00a0 \u00a0 \u00a0 \u00a0 \u00a0 \u00a0 \u00a0 \u00a0 \u00a0 \u00a0 \u00a0 \u00a0 \u00a0 \u00a0 \u00a0 \u00a0 \u00a0 \u00a0 \u00a0 \u00a0 \u00a0 \u00a0 \u00a0 \u00a0 \u00a0 \u00a0 \u00a0 \u00a0 \u00a0 \u00a0 \u00a0 \u00a0 \u00a0 \u00a0 \u00a0Glace vanille,\u00e9clats brownies,caramel au beurre sal\u00e9, noix p\u00e9can caram\u00e9lis\u00e9es,chantilly<\/p>\n<p><strong>Coupe colonel\u00a0 \u00a0 \u00a0 \u00a0 \u00a0 \u00a0 \u00a0 \u00a0 \u00a0<\/strong> 6,90\u20ac\u00a0 \u00a0 \u00a0 \u00a0 \u00a0 \u00a0 \u00a0 \u00a0 \u00a0 \u00a0 \u00a0 \u00a0 \u00a0 \u00a0 \u00a0 \u00a0 \u00a0 \u00a0 \u00a0 \u00a0 \u00a0 \u00a0 \u00a0 \u00a0 \u00a0 \u00a0 \u00a0 \u00a0 \u00a0 \u00a0 \u00a0 \u00a0 \u00a0 \u00a0 \u00a0 \u00a0 \u00a0 \u00a0 \u00a0 \u00a0 \u00a0 \u00a0 \u00a0 \u00a0 \u00a0 \u00a0 \u00a0 \u00a0 \u00a0 \u00a0 \u00a0 Sorbet citron vert, vodka<\/p>\n<p><strong>Coupe normande\u00a0<\/strong> \u00a0 \u00a0 \u00a0 \u00a06,90\u20ac\u00a0 \u00a0 \u00a0 \u00a0 \u00a0 \u00a0 \u00a0 \u00a0 \u00a0 \u00a0 \u00a0 \u00a0 \u00a0 \u00a0 \u00a0 \u00a0 \u00a0 \u00a0 \u00a0 \u00a0 \u00a0 \u00a0 \u00a0 \u00a0 \u00a0 \u00a0 \u00a0 \u00a0 \u00a0 \u00a0 \u00a0 \u00a0 \u00a0 \u00a0 \u00a0 \u00a0 \u00a0 \u00a0 \u00a0 \u00a0 \u00a0 \u00a0 \u00a0 \u00a0 \u00a0 \u00a0 \u00a0 \u00a0 \u00a0 \u00a0 \u00a0 \u00a0 \u00a0 Sorbet pomme, calvados<\/p>\n<p><strong>Coupe williamine<\/strong>\u00a0 \u00a0 \u00a0 \u00a0 6,90\u20ac\u00a0 \u00a0 \u00a0 \u00a0 \u00a0 \u00a0 \u00a0 \u00a0 \u00a0 \u00a0 \u00a0 \u00a0 \u00a0 \u00a0 \u00a0 \u00a0 \u00a0 \u00a0 \u00a0 \u00a0 \u00a0 \u00a0 \u00a0 \u00a0 \u00a0 \u00a0 \u00a0 \u00a0 \u00a0 \u00a0 \u00a0 \u00a0 \u00a0 \u00a0 \u00a0 \u00a0 \u00a0 \u00a0 \u00a0 \u00a0 \u00a0 \u00a0 \u00a0 \u00a0 \u00a0 \u00a0 \u00a0 \u00a0 \u00a0 \u00a0 \u00a0 \u00a0 \u00a0 \u00a0Sorbet poire, eau de vie de poire<\/p>\n<hr \/>\n<h2 style=\"text-align: center;\"><strong>Desserts<\/strong><\/h2>\n<p><strong>Moelleux au chocolat<\/strong>\u00a0<strong>\u00a0 \u00a0 \u00a0 \u00a0 \u00a0 \u00a0 \u00a0\u00a0<\/strong>6,00\u20ac<br \/>\nSauce caramel au beurre sal\u00e9 et sa boule de glace vanille<\/p>\n<p><strong>Cr\u00e8me br\u00fbl\u00e9e<\/strong>\u00a0<strong>\u00a0 \u00a0 \u00a0 \u00a0 \u00a0 \u00a0 \u00a0 \u00a0 \u00a0 \u00a0 \u00a0 \u00a0 \u00a0 \u00a0 \u00a0<\/strong>5,00\u20ac<br \/>\n\u00e0 la vanille Bourbon<\/p>\n<p><strong>Crumble aux pommes \u00a0 \u00a0 \u00a0 \u00a0 \u00a0 \u00a0 \u00a0 \u00a0<\/strong>5,00\u20ac<br \/>\nSauce caramel au beurre sal\u00e9 et sa boule de glace caramel<\/p>\n<p><strong>Caf\u00e9 gourmand<\/strong>\u00a0<strong> \u00a0 \u00a0 \u00a0 \u00a0 \u00a0 \u00a0 \u00a0 \u00a0 \u00a0 \u00a0 \u00a0 \u00a0 \u00a0\u00a0<\/strong>6,00\u20ac<\/p>\n<p><strong>Profiteroles<\/strong> <strong>\u00a0 \u00a0 \u00a0 \u00a0 \u00a0 \u00a0 \u00a0 \u00a0 \u00a0 \u00a0 \u00a0 \u00a0 \u00a0 \u00a0 \u00a0 \u00a0 \u00a0<\/strong>6,90\u20ac \u00a0 \u00a0 \u00a0 \u00a0 \u00a0 \u00a0 \u00a0 \u00a0 \u00a0 \u00a0 \u00a0 \u00a0 \u00a0 \u00a0 \u00a0 \u00a0 \u00a0 \u00a0 \u00a0 \u00a0 \u00a0 \u00a0 \u00a0 \u00a0 \u00a0 \u00a0 \u00a0 \u00a0 \u00a0 \u00a0 \u00a0 \u00a0 \u00a0 \u00a0 \u00a0 \u00a0 \u00a0 \u00a0 \u00a0 \u00a0 \u00a0 \u00a0 \u00a0 \u00a0 \u00a0 \u00a0 \u00a0 \u00a0 \u00a0 \u00a0<strong>chocolat<\/strong> ou <strong>caramel au beurre sal\u00e9<\/strong><\/p>\n<p><strong>Assiette de fraises<\/strong>\u00a0<strong>\u00a0 \u00a0 \u00a0 \u00a0 \u00a0 \u00a0 \u00a0 \u00a0 \u00a0 \u00a0 \u00a0<\/strong>5,50\u20ac<br \/>\nChantilly ou sucre <em>(selon la saison)<\/em><\/p>\n<h6><em>Tous nos desserts sont faits maison \u00e0 l&rsquo;exception des glaces et sorbets \u00e9labor\u00e9s par notre partenaire \u00ab\u00a0Carte d&rsquo;or\u00a0\u00bb<\/em><\/h6>\n<p><span style=\"color: #ffffff;\">\u00a0Seules les glaces ne sont pas produites dans notre cuisine.Tous le reste est fabriqu\u00e9 ici&#8230;&#8230;..<\/span><br \/>\n.<\/p>\n","protected":false},"excerpt":{"rendered":"<p>Coupes Glac\u00e9es Dame blanche \u00a0 \u00a0 \u00a0 \u00a0 \u00a0 \u00a0 \u00a0 \u00a0 \u00a0 \u00a0 \u00a0 \u00a0 \u00a0\u00a06,50\u20ac Glace vanille, sauce chocolat, chantilly Caf\u00e9 li\u00e9geois\u00a0 \u00a0 \u00a0 \u00a0 \u00a0 \u00a0 \u00a0 \u00a0 \u00a0 \u00a0 \u00a0 \u00a0 \u00a0 \u00a0 \u00a0 \u00a0 \u00a06,50\u20ac\u00a0 \u00a0 \u00a0 \u00a0 \u00a0 \u00a0 \u00a0 \u00a0 \u00a0 \u00a0 \u00a0 \u00a0 \u00a0 \u00a0 \u00a0 \u00a0<br \/><a class=\"moretag\" href=\"http:\/\/www.lethonquirit.com\/index.php\/nos-desserts\/\">+ Read More<\/a><\/p>\n","protected":false},"author":1,"featured_media":0,"parent":0,"menu_order":0,"comment_status":"closed","ping_status":"closed","template":"","meta":{"spay_email":""},"jetpack_shortlink":"https:\/\/wp.me\/P7rQ6q-Y","_links":{"self":[{"href":"http:\/\/www.lethonquirit.com\/index.php\/wp-json\/wp\/v2\/pages\/60"}],"collection":[{"href":"http:\/\/www.lethonquirit.com\/index.php\/wp-json\/wp\/v2\/pages"}],"about":[{"href":"http:\/\/www.lethonquirit.com\/index.php\/wp-json\/wp\/v2\/types\/page"}],"author":[{"embeddable":true,"href":"http:\/\/www.lethonquirit.com\/index.php\/wp-json\/wp\/v2\/users\/1"}],"replies":[{"embeddable":true,"href":"http:\/\/www.lethonquirit.com\/index.php\/wp-json\/wp\/v2\/comments?post=60"}],"version-history":[{"count":12,"href":"http:\/\/www.lethonquirit.com\/index.php\/wp-json\/wp\/v2\/pages\/60\/revisions"}],"predecessor-version":[{"id":352,"href":"http:\/\/www.lethonquirit.com\/index.php\/wp-json\/wp\/v2\/pages\/60\/revisions\/352"}],"wp:attachment":[{"href":"http:\/\/www.lethonquirit.com\/index.php\/wp-json\/wp\/v2\/media?parent=60"}],"curies":[{"name":"wp","href":"https:\/\/api.w.org\/{rel}","templated":true}]}}